{"id":5988,"date":"2024-12-10T21:58:33","date_gmt":"2024-12-10T13:58:33","guid":{"rendered":"https:\/\/trithuctretw.com\/?page_id=5988"},"modified":"2024-12-16T15:54:12","modified_gmt":"2024-12-16T07:54:12","slug":"vin-taiwan-elite","status":"publish","type":"page","link":"https:\/\/trithuctretw.com\/en\/vin-taiwan-elite\/","title":{"rendered":"VIN Taiwan Elite"},"content":{"rendered":"<blockquote class=\"wp-block-quote alignfull is-layout-flow wp-block-quote-is-layout-flow\">\n<p class=\"\">VIN Taiwan aims to build&nbsp;<em><strong>VIN Taiwan Elite<\/strong><\/em>&nbsp;into a core group of members, including individuals with outstanding contributions and rich experience in their fields.<\/p>\n<\/blockquote>\n\n\n\n<div style=\"height:20px\" aria-hidden=\"true\" class=\"wp-block-spacer\"><\/div>\n\n\n\n<div class=\"wp-block-columns alignfull is-layout-flex wp-container-core-columns-is-layout-829b1d53 wp-block-columns-is-layout-flex\" style=\"margin-bottom:0\">\n<div class=\"wp-block-column has-text-color has-background has-link-color wp-elements-0f29d9cfce338114d9e65a8db96c8ae7 is-layout-flow wp-block-column-is-layout-flow\" style=\"color:#000000;background-color:#ffe97d;padding-top:2em;padding-right:2em;padding-bottom:2em;padding-left:2em\">\n<h2 class=\"wp-block-heading\" id=\"single\" style=\"font-size:25px\"><strong>Network of Vietnamese Professors in Taiwan<\/strong><\/h2>\n\n\n\n<div style=\"height:20px\" aria-hidden=\"true\" class=\"wp-block-spacer\"><\/div>\n\n\n\n<p class=\"has-normal-font-size\" style=\"line-height:1.5\">Connecting, supporting academic cooperation, and enhancing the role of the Vietnamese professor community in Taiwan in teaching, research and educational development<\/p>\n\n\n\n<div class=\"wp-block-buttons alignfull is-horizontal is-content-justification-center is-layout-flex wp-container-core-buttons-is-layout-499968f5 wp-block-buttons-is-layout-flex\">\n<div class=\"wp-block-button has-custom-width wp-block-button__width-100\"><a class=\"wp-block-button__link has-white-color has-text-color has-background no-border-radius wp-element-button\" href=\"https:\/\/trithuctretw.com\/en\/giao-su-nguoi-viet-tai-dai-loan\/\" style=\"background-color:#000000\" target=\"_blank\" rel=\"noreferrer noopener\">Detail<\/a><\/div>\n<\/div>\n<\/div>\n\n\n\n<div class=\"wp-block-column has-text-color has-background has-link-color wp-elements-9622911cf01828fa53a14bfce0ac9b88 is-layout-flow wp-block-column-is-layout-flow\" style=\"color:#000000;background-color:#d1d1e1;padding-top:2em;padding-right:2em;padding-bottom:2em;padding-left:2em\">\n<h2 class=\"wp-block-heading\" id=\"family\" style=\"font-size:25px\"><strong>Taiwan Semiconductor Professional Network<\/strong><\/h2>\n\n\n\n<div style=\"height:20px\" aria-hidden=\"true\" class=\"wp-block-spacer\"><\/div>\n\n\n\n<p class=\"has-normal-font-size\" style=\"line-height:1.5\">Connecting, promoting cooperation, sharing knowledge, and developing the semiconductor industry<\/p>\n\n\n\n<div class=\"wp-block-buttons alignfull is-horizontal is-content-justification-center is-layout-flex wp-container-core-buttons-is-layout-499968f5 wp-block-buttons-is-layout-flex\">\n<div class=\"is-style-fill wp-block-button has-custom-width wp-block-button__width-100\"><a class=\"wp-block-button__link has-white-color has-text-color has-background no-border-radius wp-element-button\" href=\"https:\/\/trithuctretw.com\/en\/mang-luoi-chuyen-gia-ban-dan-tai-dai-loan\/\" style=\"background-color:#000000\" target=\"_blank\" rel=\"noreferrer noopener\">Detail<\/a><\/div>\n<\/div>\n<\/div>\n\n\n\n<div class=\"wp-block-column has-text-color has-background has-link-color wp-elements-6a0672feed685bb8203086786f709220 is-layout-flow wp-block-column-is-layout-flow\" style=\"color:#000000;background-color:#c0ebf1;padding-top:2em;padding-right:2em;padding-bottom:2em;padding-left:2em\">\n<h2 class=\"wp-block-heading\" id=\"patron\" style=\"font-size:25px\"><strong>Startup Ecosystem in Taiwan<\/strong><\/h2>\n\n\n\n<div style=\"height:20px\" aria-hidden=\"true\" class=\"wp-block-spacer\"><\/div>\n\n\n\n<p class=\"has-normal-font-size\">Promoting innovation, connecting resources, supporting Vietnamese startups in Taiwan to develop sustainably and enhance international cooperation<\/p>\n\n\n\n<div class=\"wp-block-buttons alignfull is-horizontal is-content-justification-center is-layout-flex wp-container-core-buttons-is-layout-499968f5 wp-block-buttons-is-layout-flex\">\n<div class=\"wp-block-button has-custom-width wp-block-button__width-100\"><a class=\"wp-block-button__link has-white-color has-text-color has-background no-border-radius wp-element-button\" href=\"https:\/\/trithuctretw.com\/en\/he-sinh-thai-khoi-nghiep-tai-dai-loan\/\" style=\"background-color:#000000\" target=\"_blank\" rel=\"noreferrer noopener\">Detail<\/a><\/div>\n<\/div>\n<\/div>\n<\/div>\n\n\n\n<div style=\"height:27px\" aria-hidden=\"true\" class=\"wp-block-spacer\"><\/div>\n\n\n\n<hr class=\"wp-block-separator has-alpha-channel-opacity\"\/>\n\n\n\n<p class=\"\"><\/p>","protected":false},"excerpt":{"rendered":"<p>VIN Taiwan aims to build VIN Taiwan Elite into a core group of members, including individuals with outstanding contributions and rich experience.<\/p>","protected":false},"author":1,"featured_media":0,"parent":0,"menu_order":0,"comment_status":"closed","ping_status":"closed","template":"","meta":{"nf_dc_page":"","footnotes":""},"class_list":["post-5988","page","type-page","status-publish","hentry","two-columns"],"yoast_head":"<!-- This site is optimized with the Yoast SEO plugin v27.4 - https:\/\/yoast.com\/product\/yoast-seo-wordpress\/ -->\n<title>VIN Taiwan Elite -<\/title>\n<meta name=\"description\" content=\"VIN Taiwan Elite\u00a0- nh\u00f3m th\u00e0nh vi\u00ean c\u1ed1t l\u00f5i, g\u1ed3m nh\u1eefng c\u00e1 nh\u00e2n c\u00f3 \u0111\u00f3ng g\u00f3p n\u1ed5i b\u1eadt, gi\u00e0u kinh nghi\u1ec7m trong l\u0129nh v\u1ef1c c\u1ee7a m\u00ecnh.\" \/>\n<meta name=\"robots\" content=\"index, follow, max-snippet:-1, max-image-preview:large, max-video-preview:-1\" \/>\n<link rel=\"canonical\" href=\"https:\/\/trithuctretw.com\/en\/vin-taiwan-elite\/\" \/>\n<meta property=\"og:locale\" content=\"en_US\" \/>\n<meta property=\"og:type\" content=\"article\" \/>\n<meta property=\"og:title\" content=\"VIN Taiwan Elite\" \/>\n<meta property=\"og:description\" content=\"VIN Taiwan Elite\u00a0- nh\u00f3m th\u00e0nh vi\u00ean c\u1ed1t l\u00f5i, g\u1ed3m nh\u1eefng c\u00e1 nh\u00e2n c\u00f3 \u0111\u00f3ng g\u00f3p n\u1ed5i b\u1eadt, gi\u00e0u kinh nghi\u1ec7m trong l\u0129nh v\u1ef1c c\u1ee7a m\u00ecnh.\" \/>\n<meta property=\"og:url\" content=\"https:\/\/trithuctretw.com\/en\/vin-taiwan-elite\/\" \/>\n<meta property=\"article:publisher\" content=\"https:\/\/www.facebook.com\/VINTaiwan2022\/\" \/>\n<meta property=\"article:modified_time\" content=\"2024-12-16T07:54:12+00:00\" \/>\n<meta property=\"og:image\" content=\"https:\/\/i0.wp.com\/trithuctretw.com\/wp-content\/uploads\/2021\/11\/1640x922-facebook-cover.png?fit=6834%2C3842&ssl=1\" \/>\n\t<meta property=\"og:image:width\" content=\"6834\" \/>\n\t<meta property=\"og:image:height\" content=\"3842\" \/>\n\t<meta property=\"og:image:type\" content=\"image\/png\" \/>\n<meta name=\"twitter:card\" content=\"summary_large_image\" \/>\n<meta name=\"twitter:label1\" content=\"Est. reading time\" \/>\n\t<meta name=\"twitter:data1\" content=\"1 minute\" \/>\n<script type=\"application\/ld+json\" class=\"yoast-schema-graph\">{\"@context\":\"https:\\\/\\\/schema.org\",\"@graph\":[{\"@type\":\"WebPage\",\"@id\":\"https:\\\/\\\/trithuctretw.com\\\/vin-taiwan-elite\\\/\",\"url\":\"https:\\\/\\\/trithuctretw.com\\\/vin-taiwan-elite\\\/\",\"name\":\"VIN Taiwan Elite -\",\"isPartOf\":{\"@id\":\"https:\\\/\\\/trithuctretw.com\\\/#website\"},\"datePublished\":\"2024-12-10T13:58:33+00:00\",\"dateModified\":\"2024-12-16T07:54:12+00:00\",\"description\":\"VIN Taiwan Elite\u00a0- nh\u00f3m th\u00e0nh vi\u00ean c\u1ed1t l\u00f5i, g\u1ed3m nh\u1eefng c\u00e1 nh\u00e2n c\u00f3 \u0111\u00f3ng g\u00f3p n\u1ed5i b\u1eadt, gi\u00e0u kinh nghi\u1ec7m trong l\u0129nh v\u1ef1c c\u1ee7a m\u00ecnh.\",\"breadcrumb\":{\"@id\":\"https:\\\/\\\/trithuctretw.com\\\/vin-taiwan-elite\\\/#breadcrumb\"},\"inLanguage\":\"en-US\",\"potentialAction\":[{\"@type\":\"ReadAction\",\"target\":[\"https:\\\/\\\/trithuctretw.com\\\/vin-taiwan-elite\\\/\"]}]},{\"@type\":\"BreadcrumbList\",\"@id\":\"https:\\\/\\\/trithuctretw.com\\\/vin-taiwan-elite\\\/#breadcrumb\",\"itemListElement\":[{\"@type\":\"ListItem\",\"position\":1,\"name\":\"Home\",\"item\":\"https:\\\/\\\/trithuctretw.com\\\/\"},{\"@type\":\"ListItem\",\"position\":2,\"name\":\"VIN Taiwan Elite\"}]},{\"@type\":\"WebSite\",\"@id\":\"https:\\\/\\\/trithuctretw.com\\\/#website\",\"url\":\"https:\\\/\\\/trithuctretw.com\\\/\",\"name\":\"\",\"description\":\"Vietnam Innovative and Intellectual Network in Taiwan\",\"publisher\":{\"@id\":\"https:\\\/\\\/trithuctretw.com\\\/#organization\"},\"potentialAction\":[{\"@type\":\"SearchAction\",\"target\":{\"@type\":\"EntryPoint\",\"urlTemplate\":\"https:\\\/\\\/trithuctretw.com\\\/?s={search_term_string}\"},\"query-input\":{\"@type\":\"PropertyValueSpecification\",\"valueRequired\":true,\"valueName\":\"search_term_string\"}}],\"inLanguage\":\"en-US\"},{\"@type\":\"Organization\",\"@id\":\"https:\\\/\\\/trithuctretw.com\\\/#organization\",\"name\":\"Vietnam Innovative and Intellectual Network in Taiwan\",\"url\":\"https:\\\/\\\/trithuctretw.com\\\/\",\"logo\":{\"@type\":\"ImageObject\",\"inLanguage\":\"en-US\",\"@id\":\"https:\\\/\\\/trithuctretw.com\\\/#\\\/schema\\\/logo\\\/image\\\/\",\"url\":\"\",\"contentUrl\":\"\",\"caption\":\"Vietnam Innovative and Intellectual Network in Taiwan\"},\"image\":{\"@id\":\"https:\\\/\\\/trithuctretw.com\\\/#\\\/schema\\\/logo\\\/image\\\/\"},\"sameAs\":[\"https:\\\/\\\/www.facebook.com\\\/VINTaiwan2022\\\/\"]}]}<\/script>\n<!-- \/ Yoast SEO plugin. -->","yoast_head_json":{"title":"VIN Taiwan Elite -","description":"VIN Taiwan Elite - core group of members, consisting of individuals with outstanding contributions and rich experience in their fields.","robots":{"index":"index","follow":"follow","max-snippet":"max-snippet:-1","max-image-preview":"max-image-preview:large","max-video-preview":"max-video-preview:-1"},"canonical":"https:\/\/trithuctretw.com\/en\/vin-taiwan-elite\/","og_locale":"en_US","og_type":"article","og_title":"VIN Taiwan Elite","og_description":"VIN Taiwan Elite\u00a0- nh\u00f3m th\u00e0nh vi\u00ean c\u1ed1t l\u00f5i, g\u1ed3m nh\u1eefng c\u00e1 nh\u00e2n c\u00f3 \u0111\u00f3ng g\u00f3p n\u1ed5i b\u1eadt, gi\u00e0u kinh nghi\u1ec7m trong l\u0129nh v\u1ef1c c\u1ee7a m\u00ecnh.","og_url":"https:\/\/trithuctretw.com\/en\/vin-taiwan-elite\/","article_publisher":"https:\/\/www.facebook.com\/VINTaiwan2022\/","article_modified_time":"2024-12-16T07:54:12+00:00","og_image":[{"width":6834,"height":3842,"url":"https:\/\/i0.wp.com\/trithuctretw.com\/wp-content\/uploads\/2021\/11\/1640x922-facebook-cover.png?fit=6834%2C3842&ssl=1","type":"image\/png"}],"twitter_card":"summary_large_image","twitter_misc":{"Est. reading time":"1 minute"},"schema":{"@context":"https:\/\/schema.org","@graph":[{"@type":"WebPage","@id":"https:\/\/trithuctretw.com\/vin-taiwan-elite\/","url":"https:\/\/trithuctretw.com\/vin-taiwan-elite\/","name":"VIN Taiwan Elite -","isPartOf":{"@id":"https:\/\/trithuctretw.com\/#website"},"datePublished":"2024-12-10T13:58:33+00:00","dateModified":"2024-12-16T07:54:12+00:00","description":"VIN Taiwan Elite - core group of members, consisting of individuals with outstanding contributions and rich experience in their fields.","breadcrumb":{"@id":"https:\/\/trithuctretw.com\/vin-taiwan-elite\/#breadcrumb"},"inLanguage":"en-US","potentialAction":[{"@type":"ReadAction","target":["https:\/\/trithuctretw.com\/vin-taiwan-elite\/"]}]},{"@type":"BreadcrumbList","@id":"https:\/\/trithuctretw.com\/vin-taiwan-elite\/#breadcrumb","itemListElement":[{"@type":"ListItem","position":1,"name":"Home","item":"https:\/\/trithuctretw.com\/"},{"@type":"ListItem","position":2,"name":"VIN Taiwan Elite"}]},{"@type":"WebSite","@id":"https:\/\/trithuctretw.com\/#website","url":"https:\/\/trithuctretw.com\/","name":"","description":"Vietnam Innovative and Intellectual Network in Taiwan","publisher":{"@id":"https:\/\/trithuctretw.com\/#organization"},"potentialAction":[{"@type":"SearchAction","target":{"@type":"EntryPoint","urlTemplate":"https:\/\/trithuctretw.com\/?s={search_term_string}"},"query-input":{"@type":"PropertyValueSpecification","valueRequired":true,"valueName":"search_term_string"}}],"inLanguage":"en-US"},{"@type":"Organization","@id":"https:\/\/trithuctretw.com\/#organization","name":"Vietnam Innovative and Intellectual Network in Taiwan","url":"https:\/\/trithuctretw.com\/","logo":{"@type":"ImageObject","inLanguage":"en-US","@id":"https:\/\/trithuctretw.com\/#\/schema\/logo\/image\/","url":"","contentUrl":"","caption":"Vietnam Innovative and Intellectual Network in Taiwan"},"image":{"@id":"https:\/\/trithuctretw.com\/#\/schema\/logo\/image\/"},"sameAs":["https:\/\/www.facebook.com\/VINTaiwan2022\/"]}]}},"jetpack-related-posts":[{"id":5089,"url":"https:\/\/trithuctretw.com\/en\/useful-link-bch\/","url_meta":{"origin":5988,"position":0},"title":"Restricted content","author":"trithuctretw","date":"14\/12\/2023","format":false,"excerpt":"Add income\/expenditure List of income and expenditure Job content List of members List of members Elite Proposal (PDF): 2024, 2025 Google Form Register for Membership VIN Taiwan ELITE - Connecting to the VIN Taiwan Network CONNECTING VIETNAMESE PROFESSORS AND DOCTORS IN TAIWAN\u2026","rel":"","context":"Similar post","block_context":{"text":"Similar post","link":""},"img":{"alt_text":"","src":"","width":0,"height":0},"classes":[]},{"id":87,"url":"https:\/\/trithuctretw.com\/en\/lien-he\/","url_meta":{"origin":5988,"position":1},"title":"Contact","author":"trithuctretw","date":"28\/07\/2021","format":false,"excerpt":"Support connection and build VIN Taiwan VIN Taiwan is promoting the development of the Vietnamese intellectual community in Taiwan in 2022. With this goal, VIN Taiwan is promoting connection and building a newsletter for the community. We\u2026","rel":"","context":"Similar post","block_context":{"text":"Similar post","link":""},"img":{"alt_text":"","src":"https:\/\/i0.wp.com\/trithuctretw.com\/wp-content\/uploads\/2021\/11\/1640x922-facebook-cover.png?fit=1200%2C675&ssl=1&resize=350%2C200","width":350,"height":200,"srcset":"https:\/\/i0.wp.com\/trithuctretw.com\/wp-content\/uploads\/2021\/11\/1640x922-facebook-cover.png?fit=1200%2C675&ssl=1&resize=350%2C200 1x, https:\/\/i0.wp.com\/trithuctretw.com\/wp-content\/uploads\/2021\/11\/1640x922-facebook-cover.png?fit=1200%2C675&ssl=1&resize=525%2C300 1.5x, https:\/\/i0.wp.com\/trithuctretw.com\/wp-content\/uploads\/2021\/11\/1640x922-facebook-cover.png?fit=1200%2C675&ssl=1&resize=700%2C400 2x, https:\/\/i0.wp.com\/trithuctretw.com\/wp-content\/uploads\/2021\/11\/1640x922-facebook-cover.png?fit=1200%2C675&ssl=1&resize=1050%2C600 3x"},"classes":[]},{"id":4963,"url":"https:\/\/trithuctretw.com\/en\/gallery\/","url_meta":{"origin":5988,"position":2},"title":"VIN Taiwan Timeline","author":"trithuctretw","date":"08\/12\/2023","format":false,"excerpt":"2025 2024 2023 2022 2021 2025 06\/2025 - CONSULTATION WORKSHOP FOR NEW STUDENTS, FALL SEMESTER 2025 - STUDYING IN TAIWAN Details 02\/2025 - UNDERSTANDING ABOUT STUDYING IN TAIWAN AT NTU SYSTEM Details 01\/2025 - ONLINE SHARING SESSION ON SCHOLARSHIPS TO STUDY IN TAIWAN\u2026","rel":"","context":"Similar post","block_context":{"text":"Similar post","link":""},"img":{"alt_text":"","src":"https:\/\/i0.wp.com\/trithuctretw.com\/wp-content\/uploads\/2025\/06\/Thumbnails_Tuyen-dung.jpg?resize=350%2C200&ssl=1","width":350,"height":200,"srcset":"https:\/\/i0.wp.com\/trithuctretw.com\/wp-content\/uploads\/2025\/06\/Thumbnails_Tuyen-dung.jpg?resize=350%2C200&ssl=1 1x, https:\/\/i0.wp.com\/trithuctretw.com\/wp-content\/uploads\/2025\/06\/Thumbnails_Tuyen-dung.jpg?resize=525%2C300&ssl=1 1.5x, https:\/\/i0.wp.com\/trithuctretw.com\/wp-content\/uploads\/2025\/06\/Thumbnails_Tuyen-dung.jpg?resize=700%2C400&ssl=1 2x, https:\/\/i0.wp.com\/trithuctretw.com\/wp-content\/uploads\/2025\/06\/Thumbnails_Tuyen-dung.jpg?resize=1050%2C600&ssl=1 3x, https:\/\/i0.wp.com\/trithuctretw.com\/wp-content\/uploads\/2025\/06\/Thumbnails_Tuyen-dung.jpg?resize=1400%2C800&ssl=1 4x"},"classes":[]},{"id":29,"url":"https:\/\/trithuctretw.com\/en\/","url_meta":{"origin":5988,"position":3},"title":"Homepage","author":"trithuctretw","date":"28\/07\/2021","format":false,"excerpt":"Vietnamese Intellectual and Innovation Network in Taiwan - Connecting the Young Vietnamese Intellectual Community in Taiwan","rel":"","context":"Similar post","block_context":{"text":"Similar post","link":""},"img":{"alt_text":"","src":"https:\/\/i0.wp.com\/trithuctretw.com\/wp-content\/uploads\/2022\/02\/image.jpeg?resize=350%2C200","width":350,"height":200},"classes":[]},{"id":125,"url":"https:\/\/trithuctretw.com\/en\/moi-truong\/","url_meta":{"origin":5988,"position":4},"title":"Environment","author":"trithuctretw","date":"29\/07\/2021","format":false,"excerpt":"Member MSc. Nguyen Minh Ky Current position: PhD student Unit: National Kaohsiung University of Science and Technology Research field: Water treatment engineering, environmental quality monitoring and assessment Dr. Tran Nguyen Hai Current position: Researcher and\u2026","rel":"","context":"Similar post","block_context":{"text":"Similar post","link":""},"img":{"alt_text":"","src":"https:\/\/i0.wp.com\/trithuctretw.com\/wp-content\/uploads\/2021\/11\/512x512px-green-e1637127285803.png?resize=350%2C200&ssl=1","width":350,"height":200,"srcset":"https:\/\/i0.wp.com\/trithuctretw.com\/wp-content\/uploads\/2021\/11\/512x512px-green-e1637127285803.png?resize=350%2C200&ssl=1 1x, https:\/\/i0.wp.com\/trithuctretw.com\/wp-content\/uploads\/2021\/11\/512x512px-green-e1637127285803.png?resize=525%2C300&ssl=1 1.5x, https:\/\/i0.wp.com\/trithuctretw.com\/wp-content\/uploads\/2021\/11\/512x512px-green-e1637127285803.png?resize=700%2C400&ssl=1 2x, https:\/\/i0.wp.com\/trithuctretw.com\/wp-content\/uploads\/2021\/11\/512x512px-green-e1637127285803.png?resize=1050%2C600&ssl=1 3x, https:\/\/i0.wp.com\/trithuctretw.com\/wp-content\/uploads\/2021\/11\/512x512px-green-e1637127285803.png?resize=1400%2C800&ssl=1 4x"},"classes":[]},{"id":104,"url":"https:\/\/trithuctretw.com\/en\/intro\/","url_meta":{"origin":5988,"position":5},"title":"Introduce","author":"trithuctretw","date":"28\/07\/2021","format":false,"excerpt":"Vietnam Innovative and Intellectual Network in Taiwan (VIN Taiwan) https:\/\/www.youtube.com\/watch?v=U97MKk1QOTw Overview The Vietnamese Student Association in Taiwan (VSATW) was established 12 years ago with the aim of connecting the Student Community\u2026","rel":"","context":"Similar post","block_context":{"text":"Similar post","link":""},"img":{"alt_text":"","src":"https:\/\/i0.wp.com\/trithuctretw.com\/wp-content\/uploads\/2021\/11\/1640x922-facebook-cover.png?fit=1200%2C675&ssl=1&resize=350%2C200","width":350,"height":200,"srcset":"https:\/\/i0.wp.com\/trithuctretw.com\/wp-content\/uploads\/2021\/11\/1640x922-facebook-cover.png?fit=1200%2C675&ssl=1&resize=350%2C200 1x, https:\/\/i0.wp.com\/trithuctretw.com\/wp-content\/uploads\/2021\/11\/1640x922-facebook-cover.png?fit=1200%2C675&ssl=1&resize=525%2C300 1.5x, https:\/\/i0.wp.com\/trithuctretw.com\/wp-content\/uploads\/2021\/11\/1640x922-facebook-cover.png?fit=1200%2C675&ssl=1&resize=700%2C400 2x, https:\/\/i0.wp.com\/trithuctretw.com\/wp-content\/uploads\/2021\/11\/1640x922-facebook-cover.png?fit=1200%2C675&ssl=1&resize=1050%2C600 3x"},"classes":[]}],"jetpack_sharing_enabled":true,"_links":{"self":[{"href":"https:\/\/trithuctretw.com\/en\/wp-json\/wp\/v2\/pages\/5988","targetHints":{"allow":["GET"]}}],"collection":[{"href":"https:\/\/trithuctretw.com\/en\/wp-json\/wp\/v2\/pages"}],"about":[{"href":"https:\/\/trithuctretw.com\/en\/wp-json\/wp\/v2\/types\/page"}],"author":[{"embeddable":true,"href":"https:\/\/trithuctretw.com\/en\/wp-json\/wp\/v2\/users\/1"}],"replies":[{"embeddable":true,"href":"https:\/\/trithuctretw.com\/en\/wp-json\/wp\/v2\/comments?post=5988"}],"version-history":[{"count":0,"href":"https:\/\/trithuctretw.com\/en\/wp-json\/wp\/v2\/pages\/5988\/revisions"}],"wp:attachment":[{"href":"https:\/\/trithuctretw.com\/en\/wp-json\/wp\/v2\/media?parent=5988"}],"curies":[{"name":"wp","href":"https:\/\/api.w.org\/{rel}","templated":true}]}}