{"id":589,"date":"2021-08-03T02:26:14","date_gmt":"2021-08-02T18:26:14","guid":{"rendered":"https:\/\/trithuctretw.com\/?page_id=589"},"modified":"2023-02-16T01:08:35","modified_gmt":"2023-02-15T17:08:35","slug":"thong-tin-vin-taiwan","status":"publish","type":"page","link":"https:\/\/trithuctretw.com\/en\/thong-tin-vin-taiwan\/","title":{"rendered":"VIN Taiwan information"},"content":{"rendered":"\n<hr class=\"wp-block-separator alignfull has-text-color has-css-opacity has-background alignwide is-style-wide\" style=\"background-color:#788186;color:#788186\"\/>\n\n\n\n<div class=\"wp-block-jetpack-layout-grid column1-desktop-grid__span-8 column1-desktop-grid__row-1 column2-desktop-grid__span-3 column2-desktop-grid__start-10 column2-desktop-grid__row-1 column1-tablet-grid__span-4 column1-tablet-grid__row-1 column2-tablet-grid__span-4 column2-tablet-grid__start-5 column2-tablet-grid__row-1 column1-mobile-grid__span-4 column1-mobile-grid__row-1 column2-mobile-grid__span-4 column2-mobile-grid__row-2 wp-block-jetpack-layout-gutter__nowrap\">\n<div class=\"wp-block-jetpack-layout-grid-column wp-block-jetpack-layout-grid__padding-none\">\n<p><strong>Trung t\u00e2m \u0110\u1ed5i m\u1edbi s\u00e1ng t\u1ea1o Vi\u1ec7t Nam<\/strong><\/p>\n<\/div>\n\n\n\n<div class=\"wp-block-jetpack-layout-grid-column wp-block-jetpack-layout-grid__padding-none\">\n<div class=\"wp-block-buttons is-content-justification-right is-layout-flex wp-container-core-buttons-is-layout-765c4724 wp-block-buttons-is-layout-flex\">\n<div class=\"wp-block-button has-custom-font-size has-small-font-size\"><a class=\"wp-block-button__link has-white-color has-text-color has-background wp-element-button\" href=\"https:\/\/nic.gov.vn\/\" style=\"background-color:#0b6d91\" target=\"_blank\" rel=\"noreferrer noopener\">nic.gov.vn<\/a><\/div>\n<\/div>\n<\/div>\n<\/div>\n\n\n\n<figure class=\"wp-block-embed alignwide is-type-video is-provider-youtube wp-block-embed-youtube wp-embed-aspect-16-9 wp-has-aspect-ratio\"><div class=\"wp-block-embed__wrapper\">\n<iframe loading=\"lazy\" title=\"[VIE] Gi\u1edbi thi\u1ec7u NIC\" width=\"640\" height=\"360\" src=\"https:\/\/www.youtube.com\/embed\/zqKVRXq5tjU?feature=oembed\" frameborder=\"0\" allow=\"accelerometer; autoplay; clipboard-write; encrypted-media; gyroscope; picture-in-picture; web-share\" referrerpolicy=\"strict-origin-when-cross-origin\" allowfullscreen><\/iframe>\n<\/div><\/figure>\n\n\n\n<hr class=\"wp-block-separator has-text-color has-css-opacity has-background alignwide is-style-wide\" style=\"background-color:#788186;color:#788186\"\/>\n\n\n\n<div class=\"wp-block-jetpack-layout-grid alignfull column1-desktop-grid__span-3 column1-desktop-grid__row-1 column2-desktop-grid__span-9 column2-desktop-grid__start-4 column2-desktop-grid__row-1 column1-tablet-grid__span-4 column1-tablet-grid__row-1 column2-tablet-grid__span-4 column2-tablet-grid__start-5 column2-tablet-grid__row-1 column1-mobile-grid__span-4 column1-mobile-grid__row-1 column2-mobile-grid__span-4 column2-mobile-grid__row-2\">\n<div class=\"wp-block-jetpack-layout-grid-column wp-block-jetpack-layout-grid__padding-none\">\n<h6 class=\"has-primary-color has-text-color has-small-font-size wp-block-heading\" id=\"chia-s\u1ebb\" style=\"font-weight:300;line-height:1.6\"><em>Chia s\u1ebb<\/em><\/h6>\n\n\n\n<h6 class=\"has-primary-color has-text-color has-medium-font-size wp-block-heading\" id=\"ts-vo-d\u1ee9c-th\u1eafng\" style=\"font-style:italic;font-weight:500;line-height:1.6\"><em>TS. V\u00f5 \u0110\u1ee9c Th\u1eafng<\/em><\/h6>\n\n\n\n<p class=\"has-primary-color has-text-color has-small-font-size\"><em>Ch\u1ee7 nhi\u1ec7m M\u1ea1ng l\u01b0\u1edbi \u0110\u1ed5i m\u1edbi s\u00e1ng t\u1ea1o v\u00e0 Tr\u00ed Th\u1ee9c Vi\u1ec7t Nam t\u1ea1i \u0110\u00e0i Loan<\/em><\/p>\n<\/div>\n\n\n\n<div class=\"wp-block-jetpack-layout-grid-column wp-block-jetpack-layout-grid__padding-none\">\n<figure class=\"wp-block-embed is-type-video is-provider-youtube wp-block-embed-youtube wp-embed-aspect-16-9 wp-has-aspect-ratio\"><div class=\"wp-block-embed__wrapper\">\n<iframe loading=\"lazy\" title=\"YVIT - Di\u1ec5n \u0111\u00e0n Tr\u00ed th\u1ee9c Tr\u1ebb Vi\u1ec7t Nam t\u1ea1i \u0110\u00e0i Loan : Gi\u1edbi thi\u1ec7u Th\u00e0nh vi\u00ean - TS. V\u00f5 \u0110\u1ee9c Th\u1eafng\" width=\"640\" height=\"360\" src=\"https:\/\/www.youtube.com\/embed\/EGVGIYnoN8g?feature=oembed\" frameborder=\"0\" allow=\"accelerometer; autoplay; clipboard-write; encrypted-media; gyroscope; picture-in-picture; web-share\" referrerpolicy=\"strict-origin-when-cross-origin\" allowfullscreen><\/iframe>\n<\/div><\/figure>\n\n\n\n<p><\/p>\n<\/div>\n<\/div>\n\n\n\n<hr class=\"wp-block-separator has-text-color has-css-opacity has-background alignwide is-style-wide\" style=\"background-color:#788186;color:#788186\"\/>\n\n\n\n<div class=\"wp-block-jetpack-layout-grid alignfull column1-desktop-grid__span-3 column1-desktop-grid__row-1 column2-desktop-grid__span-9 column2-desktop-grid__start-4 column2-desktop-grid__row-1 column1-tablet-grid__span-4 column1-tablet-grid__row-1 column2-tablet-grid__span-4 column2-tablet-grid__start-5 column2-tablet-grid__row-1 column1-mobile-grid__span-4 column1-mobile-grid__row-1 column2-mobile-grid__span-4 column2-mobile-grid__row-2\">\n<div class=\"wp-block-jetpack-layout-grid-column wp-block-jetpack-layout-grid__padding-none\">\n<h6 class=\"has-primary-color has-text-color has-small-font-size wp-block-heading\" id=\"chia-s\u1ebb\" style=\"font-weight:300;line-height:1.6\"><em>Chia s\u1ebb<\/em><\/h6>\n\n\n\n<h6 class=\"has-primary-color has-text-color has-medium-font-size wp-block-heading\" id=\"ts-vo-duy-h\u1ea3i\" style=\"font-style:italic;font-weight:500;line-height:1.6\"><em>TS. V\u00f5 Duy H\u1ea3i<\/em><\/h6>\n\n\n\n<p class=\"has-primary-color has-text-color has-small-font-size\"><em>Tr\u01b0\u1edfng ban X\u00e2y d\u1ef1ng &#8211; Giao th\u00f4ng, M\u1ea1ng l\u01b0\u1edbi \u0110\u1ed5i m\u1edbi s\u00e1ng t\u1ea1o v\u00e0 Tr\u00ed Th\u1ee9c Vi\u1ec7t Nam t\u1ea1i \u0110\u00e0i Loan<\/em><\/p>\n\n\n\n<p><\/p>\n<\/div>\n\n\n\n<div class=\"wp-block-jetpack-layout-grid-column wp-block-jetpack-layout-grid__padding-none\">\n<figure class=\"wp-block-embed is-type-video is-provider-youtube wp-block-embed-youtube wp-embed-aspect-16-9 wp-has-aspect-ratio\"><div class=\"wp-block-embed__wrapper\">\n<iframe loading=\"lazy\" title=\"VIN Taiwan: Gi\u1edbi thi\u1ec7u Th\u00e0nh vi\u00ean - TS. V\u00f5 Duy H\u1ea3i\" width=\"640\" height=\"360\" src=\"https:\/\/www.youtube.com\/embed\/PSpfZ_Rl5Pk?feature=oembed\" frameborder=\"0\" allow=\"accelerometer; autoplay; clipboard-write; encrypted-media; gyroscope; picture-in-picture; web-share\" referrerpolicy=\"strict-origin-when-cross-origin\" allowfullscreen><\/iframe>\n<\/div><\/figure>\n\n\n\n<p><\/p>\n<\/div>\n<\/div>\n\n\n\n<hr class=\"wp-block-separator has-text-color has-css-opacity has-background alignwide is-style-wide\" style=\"background-color:#788186;color:#788186\"\/>\n\n\n\n<div class=\"wp-block-jetpack-layout-grid alignfull column1-desktop-grid__span-3 column1-desktop-grid__row-1 column2-desktop-grid__span-9 column2-desktop-grid__start-4 column2-desktop-grid__row-1 column1-tablet-grid__span-4 column1-tablet-grid__row-1 column2-tablet-grid__span-4 column2-tablet-grid__start-5 column2-tablet-grid__row-1 column1-mobile-grid__span-4 column1-mobile-grid__row-1 column2-mobile-grid__span-4 column2-mobile-grid__row-2\">\n<div class=\"wp-block-jetpack-layout-grid-column wp-block-jetpack-layout-grid__padding-none\">\n<h6 class=\"has-primary-color has-text-color has-small-font-size wp-block-heading\" id=\"chia-s\u1ebb\" style=\"font-weight:300;line-height:1.6\"><em>Chia s\u1ebb<\/em><\/h6>\n\n\n\n<h6 class=\"has-primary-color has-text-color has-medium-font-size wp-block-heading\" id=\"ts-tr\u1ea7n-minh-quang\" style=\"font-style:italic;font-weight:500;line-height:1.6\"><em>TS. Tr\u1ea7n Minh Quang<\/em><\/h6>\n\n\n\n<p class=\"has-primary-color has-text-color has-small-font-size\"><em>Tr\u01b0\u1edfng ban C\u01a1 kh\u00ed, M\u1ea1ng l\u01b0\u1edbi \u0110\u1ed5i m\u1edbi s\u00e1ng t\u1ea1o v\u00e0 Tr\u00ed Th\u1ee9c Vi\u1ec7t Nam t\u1ea1i \u0110\u00e0i Loan<\/em><\/p>\n\n\n\n<p><\/p>\n<\/div>\n\n\n\n<div class=\"wp-block-jetpack-layout-grid-column wp-block-jetpack-layout-grid__padding-none\">\n<figure class=\"wp-block-embed is-type-video is-provider-youtube wp-block-embed-youtube wp-embed-aspect-16-9 wp-has-aspect-ratio\"><div class=\"wp-block-embed__wrapper\">\n<iframe loading=\"lazy\" title=\"VIN Taiwan: Gi\u1edbi thi\u1ec7u Th\u00e0nh vi\u00ean - TS. Tr\u1ea7n Minh Quang\" width=\"640\" height=\"360\" src=\"https:\/\/www.youtube.com\/embed\/TzVonz1MMyA?feature=oembed\" frameborder=\"0\" allow=\"accelerometer; autoplay; clipboard-write; encrypted-media; gyroscope; picture-in-picture; web-share\" referrerpolicy=\"strict-origin-when-cross-origin\" allowfullscreen><\/iframe>\n<\/div><\/figure>\n\n\n\n<p><\/p>\n<\/div>\n<\/div>\n\n\n\n<div style=\"height:100px\" aria-hidden=\"true\" class=\"wp-block-spacer\"><\/div>\n","protected":false},"excerpt":{"rendered":"<p>Vietnam Innovation Center Share Dr. Vo Duc Thang Head of Innovation and Knowledge Network<\/p>","protected":false},"author":1,"featured_media":0,"parent":0,"menu_order":0,"comment_status":"closed","ping_status":"closed","template":"","meta":{"nf_dc_page":"","footnotes":""},"class_list":["post-589","page","type-page","status-publish","hentry","two-columns"],"yoast_head":"<!-- This site is optimized with the Yoast SEO plugin v27.4 - https:\/\/yoast.com\/product\/yoast-seo-wordpress\/ -->\n<title>Th\u00f4ng tin VIN Taiwan -<\/title>\n<meta name=\"robots\" content=\"index, follow, max-snippet:-1, max-image-preview:large, max-video-preview:-1\" \/>\n<link rel=\"canonical\" href=\"https:\/\/trithuctretw.com\/en\/thong-tin-vin-taiwan\/\" \/>\n<meta property=\"og:locale\" content=\"en_US\" \/>\n<meta property=\"og:type\" content=\"article\" \/>\n<meta property=\"og:title\" content=\"Th\u00f4ng tin VIN Taiwan -\" \/>\n<meta property=\"og:description\" content=\"Trung t\u00e2m \u0110\u1ed5i m\u1edbi s\u00e1ng t\u1ea1o Vi\u1ec7t Nam Chia s\u1ebb TS. V\u00f5 \u0110\u1ee9c Th\u1eafng Ch\u1ee7 nhi\u1ec7m M\u1ea1ng l\u01b0\u1edbi \u0110\u1ed5i m\u1edbi s\u00e1ng t\u1ea1o v\u00e0 Tr\u00ed Th\u1ee9c\" \/>\n<meta property=\"og:url\" content=\"https:\/\/trithuctretw.com\/en\/thong-tin-vin-taiwan\/\" \/>\n<meta property=\"article:publisher\" content=\"https:\/\/www.facebook.com\/VINTaiwan2022\/\" \/>\n<meta property=\"article:modified_time\" content=\"2023-02-15T17:08:35+00:00\" \/>\n<meta name=\"twitter:card\" content=\"summary_large_image\" \/>\n<meta name=\"twitter:label1\" content=\"Est. reading time\" \/>\n\t<meta name=\"twitter:data1\" content=\"1 minute\" \/>\n<script type=\"application\/ld+json\" class=\"yoast-schema-graph\">{\"@context\":\"https:\\\/\\\/schema.org\",\"@graph\":[{\"@type\":\"WebPage\",\"@id\":\"https:\\\/\\\/trithuctretw.com\\\/thong-tin-vin-taiwan\\\/\",\"url\":\"https:\\\/\\\/trithuctretw.com\\\/thong-tin-vin-taiwan\\\/\",\"name\":\"Th\u00f4ng tin VIN Taiwan -\",\"isPartOf\":{\"@id\":\"https:\\\/\\\/trithuctretw.com\\\/#website\"},\"datePublished\":\"2021-08-02T18:26:14+00:00\",\"dateModified\":\"2023-02-15T17:08:35+00:00\",\"breadcrumb\":{\"@id\":\"https:\\\/\\\/trithuctretw.com\\\/thong-tin-vin-taiwan\\\/#breadcrumb\"},\"inLanguage\":\"en-US\",\"potentialAction\":[{\"@type\":\"ReadAction\",\"target\":[\"https:\\\/\\\/trithuctretw.com\\\/thong-tin-vin-taiwan\\\/\"]}]},{\"@type\":\"BreadcrumbList\",\"@id\":\"https:\\\/\\\/trithuctretw.com\\\/thong-tin-vin-taiwan\\\/#breadcrumb\",\"itemListElement\":[{\"@type\":\"ListItem\",\"position\":1,\"name\":\"Home\",\"item\":\"https:\\\/\\\/trithuctretw.com\\\/\"},{\"@type\":\"ListItem\",\"position\":2,\"name\":\"Th\u00f4ng tin VIN Taiwan\"}]},{\"@type\":\"WebSite\",\"@id\":\"https:\\\/\\\/trithuctretw.com\\\/#website\",\"url\":\"https:\\\/\\\/trithuctretw.com\\\/\",\"name\":\"\",\"description\":\"Vietnam Innovative and Intellectual Network in Taiwan\",\"publisher\":{\"@id\":\"https:\\\/\\\/trithuctretw.com\\\/#organization\"},\"potentialAction\":[{\"@type\":\"SearchAction\",\"target\":{\"@type\":\"EntryPoint\",\"urlTemplate\":\"https:\\\/\\\/trithuctretw.com\\\/?s={search_term_string}\"},\"query-input\":{\"@type\":\"PropertyValueSpecification\",\"valueRequired\":true,\"valueName\":\"search_term_string\"}}],\"inLanguage\":\"en-US\"},{\"@type\":\"Organization\",\"@id\":\"https:\\\/\\\/trithuctretw.com\\\/#organization\",\"name\":\"Vietnam Innovative and Intellectual Network in Taiwan\",\"url\":\"https:\\\/\\\/trithuctretw.com\\\/\",\"logo\":{\"@type\":\"ImageObject\",\"inLanguage\":\"en-US\",\"@id\":\"https:\\\/\\\/trithuctretw.com\\\/#\\\/schema\\\/logo\\\/image\\\/\",\"url\":\"\",\"contentUrl\":\"\",\"caption\":\"Vietnam Innovative and Intellectual Network in Taiwan\"},\"image\":{\"@id\":\"https:\\\/\\\/trithuctretw.com\\\/#\\\/schema\\\/logo\\\/image\\\/\"},\"sameAs\":[\"https:\\\/\\\/www.facebook.com\\\/VINTaiwan2022\\\/\"]}]}<\/script>\n<!-- \/ Yoast SEO plugin. -->","yoast_head_json":{"title":"VIN Taiwan Information -","robots":{"index":"index","follow":"follow","max-snippet":"max-snippet:-1","max-image-preview":"max-image-preview:large","max-video-preview":"max-video-preview:-1"},"canonical":"https:\/\/trithuctretw.com\/en\/thong-tin-vin-taiwan\/","og_locale":"en_US","og_type":"article","og_title":"Th\u00f4ng tin VIN Taiwan -","og_description":"Trung t\u00e2m \u0110\u1ed5i m\u1edbi s\u00e1ng t\u1ea1o Vi\u1ec7t Nam Chia s\u1ebb TS. V\u00f5 \u0110\u1ee9c Th\u1eafng Ch\u1ee7 nhi\u1ec7m M\u1ea1ng l\u01b0\u1edbi \u0110\u1ed5i m\u1edbi s\u00e1ng t\u1ea1o v\u00e0 Tr\u00ed Th\u1ee9c","og_url":"https:\/\/trithuctretw.com\/en\/thong-tin-vin-taiwan\/","article_publisher":"https:\/\/www.facebook.com\/VINTaiwan2022\/","article_modified_time":"2023-02-15T17:08:35+00:00","twitter_card":"summary_large_image","twitter_misc":{"Est. reading time":"1 minute"},"schema":{"@context":"https:\/\/schema.org","@graph":[{"@type":"WebPage","@id":"https:\/\/trithuctretw.com\/thong-tin-vin-taiwan\/","url":"https:\/\/trithuctretw.com\/thong-tin-vin-taiwan\/","name":"VIN Taiwan Information -","isPartOf":{"@id":"https:\/\/trithuctretw.com\/#website"},"datePublished":"2021-08-02T18:26:14+00:00","dateModified":"2023-02-15T17:08:35+00:00","breadcrumb":{"@id":"https:\/\/trithuctretw.com\/thong-tin-vin-taiwan\/#breadcrumb"},"inLanguage":"en-US","potentialAction":[{"@type":"ReadAction","target":["https:\/\/trithuctretw.com\/thong-tin-vin-taiwan\/"]}]},{"@type":"BreadcrumbList","@id":"https:\/\/trithuctretw.com\/thong-tin-vin-taiwan\/#breadcrumb","itemListElement":[{"@type":"ListItem","position":1,"name":"Home","item":"https:\/\/trithuctretw.com\/"},{"@type":"ListItem","position":2,"name":"Th\u00f4ng tin VIN Taiwan"}]},{"@type":"WebSite","@id":"https:\/\/trithuctretw.com\/#website","url":"https:\/\/trithuctretw.com\/","name":"","description":"Vietnam Innovative and Intellectual Network in Taiwan","publisher":{"@id":"https:\/\/trithuctretw.com\/#organization"},"potentialAction":[{"@type":"SearchAction","target":{"@type":"EntryPoint","urlTemplate":"https:\/\/trithuctretw.com\/?s={search_term_string}"},"query-input":{"@type":"PropertyValueSpecification","valueRequired":true,"valueName":"search_term_string"}}],"inLanguage":"en-US"},{"@type":"Organization","@id":"https:\/\/trithuctretw.com\/#organization","name":"Vietnam Innovative and Intellectual Network in Taiwan","url":"https:\/\/trithuctretw.com\/","logo":{"@type":"ImageObject","inLanguage":"en-US","@id":"https:\/\/trithuctretw.com\/#\/schema\/logo\/image\/","url":"","contentUrl":"","caption":"Vietnam Innovative and Intellectual Network in Taiwan"},"image":{"@id":"https:\/\/trithuctretw.com\/#\/schema\/logo\/image\/"},"sameAs":["https:\/\/www.facebook.com\/VINTaiwan2022\/"]}]}},"jetpack-related-posts":[{"id":87,"url":"https:\/\/trithuctretw.com\/en\/lien-he\/","url_meta":{"origin":589,"position":0},"title":"Contact","author":"trithuctretw","date":"28\/07\/2021","format":false,"excerpt":"Support connection and build VIN Taiwan VIN Taiwan is promoting the development of the Vietnamese intellectual community in Taiwan in 2022. With this goal, VIN Taiwan is promoting connection and building a newsletter for the community. We\u2026","rel":"","context":"Similar post","block_context":{"text":"Similar post","link":""},"img":{"alt_text":"","src":"https:\/\/i0.wp.com\/trithuctretw.com\/wp-content\/uploads\/2021\/11\/1640x922-facebook-cover.png?fit=1200%2C675&ssl=1&resize=350%2C200","width":350,"height":200,"srcset":"https:\/\/i0.wp.com\/trithuctretw.com\/wp-content\/uploads\/2021\/11\/1640x922-facebook-cover.png?fit=1200%2C675&ssl=1&resize=350%2C200 1x, https:\/\/i0.wp.com\/trithuctretw.com\/wp-content\/uploads\/2021\/11\/1640x922-facebook-cover.png?fit=1200%2C675&ssl=1&resize=525%2C300 1.5x, https:\/\/i0.wp.com\/trithuctretw.com\/wp-content\/uploads\/2021\/11\/1640x922-facebook-cover.png?fit=1200%2C675&ssl=1&resize=700%2C400 2x, https:\/\/i0.wp.com\/trithuctretw.com\/wp-content\/uploads\/2021\/11\/1640x922-facebook-cover.png?fit=1200%2C675&ssl=1&resize=1050%2C600 3x"},"classes":[]},{"id":5089,"url":"https:\/\/trithuctretw.com\/en\/useful-link-bch\/","url_meta":{"origin":589,"position":1},"title":"Restricted content","author":"trithuctretw","date":"14\/12\/2023","format":false,"excerpt":"Add income\/expenditure List of income and expenditure Job content List of members List of members Elite Proposal (PDF): 2024, 2025 Google Form Register for Membership VIN Taiwan ELITE - Connecting to the VIN Taiwan Network CONNECTING VIETNAMESE PROFESSORS AND DOCTORS IN TAIWAN\u2026","rel":"","context":"Similar post","block_context":{"text":"Similar post","link":""},"img":{"alt_text":"","src":"","width":0,"height":0},"classes":[]},{"id":29,"url":"https:\/\/trithuctretw.com\/en\/","url_meta":{"origin":589,"position":2},"title":"Homepage","author":"trithuctretw","date":"28\/07\/2021","format":false,"excerpt":"Vietnamese Intellectual and Innovation Network in Taiwan - Connecting the Young Vietnamese Intellectual Community in Taiwan","rel":"","context":"Similar post","block_context":{"text":"Similar post","link":""},"img":{"alt_text":"","src":"https:\/\/i0.wp.com\/trithuctretw.com\/wp-content\/uploads\/2022\/02\/image.jpeg?resize=350%2C200","width":350,"height":200},"classes":[]},{"id":104,"url":"https:\/\/trithuctretw.com\/en\/intro\/","url_meta":{"origin":589,"position":3},"title":"Introduce","author":"trithuctretw","date":"28\/07\/2021","format":false,"excerpt":"Vietnam Innovative and Intellectual Network in Taiwan (VIN Taiwan) https:\/\/www.youtube.com\/watch?v=U97MKk1QOTw Overview The Vietnamese Student Association in Taiwan (VSATW) was established 12 years ago with the aim of connecting the Student Community\u2026","rel":"","context":"Similar post","block_context":{"text":"Similar post","link":""},"img":{"alt_text":"","src":"https:\/\/i0.wp.com\/trithuctretw.com\/wp-content\/uploads\/2021\/11\/1640x922-facebook-cover.png?fit=1200%2C675&ssl=1&resize=350%2C200","width":350,"height":200,"srcset":"https:\/\/i0.wp.com\/trithuctretw.com\/wp-content\/uploads\/2021\/11\/1640x922-facebook-cover.png?fit=1200%2C675&ssl=1&resize=350%2C200 1x, https:\/\/i0.wp.com\/trithuctretw.com\/wp-content\/uploads\/2021\/11\/1640x922-facebook-cover.png?fit=1200%2C675&ssl=1&resize=525%2C300 1.5x, https:\/\/i0.wp.com\/trithuctretw.com\/wp-content\/uploads\/2021\/11\/1640x922-facebook-cover.png?fit=1200%2C675&ssl=1&resize=700%2C400 2x, https:\/\/i0.wp.com\/trithuctretw.com\/wp-content\/uploads\/2021\/11\/1640x922-facebook-cover.png?fit=1200%2C675&ssl=1&resize=1050%2C600 3x"},"classes":[]},{"id":5988,"url":"https:\/\/trithuctretw.com\/en\/vin-taiwan-elite\/","url_meta":{"origin":589,"position":4},"title":"VIN Taiwan Elite","author":"trithuctretw","date":"10\/12\/2024","format":false,"excerpt":"VIN Taiwan aims to build VIN Taiwan Elite into a core group of members, including individuals with outstanding contributions and rich experience in their fields. Network of Vietnamese Professors in Taiwan Connecting, supporting academic cooperation, and improving\u2026","rel":"","context":"Similar post","block_context":{"text":"Similar post","link":""},"img":{"alt_text":"","src":"","width":0,"height":0},"classes":[]},{"id":3973,"url":"https:\/\/trithuctretw.com\/en\/account\/","url_meta":{"origin":589,"position":5},"title":"Personal information","author":"trithuctretw","date":"17\/11\/2022","format":false,"excerpt":"","rel":"","context":"Similar post","block_context":{"text":"Similar post","link":""},"img":{"alt_text":"","src":"","width":0,"height":0},"classes":[]}],"jetpack_sharing_enabled":true,"_links":{"self":[{"href":"https:\/\/trithuctretw.com\/en\/wp-json\/wp\/v2\/pages\/589","targetHints":{"allow":["GET"]}}],"collection":[{"href":"https:\/\/trithuctretw.com\/en\/wp-json\/wp\/v2\/pages"}],"about":[{"href":"https:\/\/trithuctretw.com\/en\/wp-json\/wp\/v2\/types\/page"}],"author":[{"embeddable":true,"href":"https:\/\/trithuctretw.com\/en\/wp-json\/wp\/v2\/users\/1"}],"replies":[{"embeddable":true,"href":"https:\/\/trithuctretw.com\/en\/wp-json\/wp\/v2\/comments?post=589"}],"version-history":[{"count":0,"href":"https:\/\/trithuctretw.com\/en\/wp-json\/wp\/v2\/pages\/589\/revisions"}],"wp:attachment":[{"href":"https:\/\/trithuctretw.com\/en\/wp-json\/wp\/v2\/media?parent=589"}],"curies":[{"name":"wp","href":"https:\/\/api.w.org\/{rel}","templated":true}]}}